{"id":227,"date":"2020-09-03T14:54:52","date_gmt":"2020-09-03T14:54:52","guid":{"rendered":"https:\/\/luxsanmiguel.com\/?page_id=227"},"modified":"2026-02-10T08:30:25","modified_gmt":"2026-02-10T08:30:25","slug":"avis-legal","status":"publish","type":"page","link":"https:\/\/luxsanmiguel.com\/fr\/avis-legal\/","title":{"rendered":"Avis l\u00e9gal"},"content":{"rendered":"\t\t<div data-elementor-type=\"wp-page\" data-elementor-id=\"227\" class=\"elementor elementor-227\" data-elementor-post-type=\"page\">\n\t\t\t\t\t\t<section class=\"elementor-section elementor-top-section elementor-element elementor-element-a6decf6 elementor-section-boxed elementor-section-height-default elementor-section-height-default\" data-id=\"a6decf6\" data-element_type=\"section\" data-e-type=\"section\">\n\t\t\t\t\t\t<div class=\"elementor-container elementor-column-gap-default\">\n\t\t\t\t\t<div class=\"elementor-column elementor-col-100 elementor-top-column elementor-element elementor-element-180f208\" data-id=\"180f208\" data-element_type=\"column\" data-e-type=\"column\">\n\t\t\t<div class=\"elementor-widget-wrap elementor-element-populated\">\n\t\t\t\t\t\t<div class=\"elementor-element elementor-element-581dcfe elementor-widget elementor-widget-text-editor\" data-id=\"581dcfe\" data-element_type=\"widget\" data-e-type=\"widget\" data-widget_type=\"text-editor.default\">\n\t\t\t\t<div class=\"elementor-widget-container\">\n\t\t\t\t\t\t\t\t\t<h1>AVISO LEGAL Y CONDICIONES GENERALES DE USO<\/h1><p>https:\/almuniadesanmiguel.com\/<\/p><h2>I. INFORMACI\u00d3N GENERAL<\/h2><p>En cumplimiento con el deber de informaci\u00f3n dispuesto en la Ley 34\/2002 de Servicios de la Sociedad de la Informaci\u00f3n y el Comercio Electr\u00f3nico (LSSI-CE) de 11 de julio, se facilitan a continuaci\u00f3n los siguientes datos de informaci\u00f3n general de este sitio web:<\/p><p>La titularidad de este sitio web, https:\/almuniadesanmiguel.com\/, (en adelante, Sitio Web) la ostenta: Magnificat Toletum SL, con CIF: B24884603, y cuyos datos de contacto son:<\/p><p>Direcci\u00f3n: Paseo S. Francisco Sales 6, CP:28003 Madrid. Espa\u00f1a<\/p><p>Tel\u00e9fono de contacto: 925 257 772<\/p><p>Email de contacto: info@luxsanmiguel.com<\/p><h2>II. T\u00c9RMINOS Y CONDICIONES GENERALES DE USO<\/h2><p>El objeto de las condiciones: El Sitio Web<\/p><p>El objeto de las presentes Condiciones Generales de Uso (en adelante, Condiciones) es regular el acceso y la utilizaci\u00f3n del Sitio Web. A los efectos de las presentes Condiciones se entender\u00e1 como Sitio Web: la apariencia externa de los interfaces de pantalla, tanto de forma est\u00e1tica como de forma din\u00e1mica, es decir, el \u00e1rbol de navegaci\u00f3n; y todos los elementos integrados tanto en los interfaces de pantalla como en el \u00e1rbol de navegaci\u00f3n (en adelante, Contenidos) y todos aquellos servicios o recursos en l\u00ednea que en su caso ofrezca a los Usuarios (en adelante, Servicios).<\/p><p>Hotel Lux San Miguel se reserva la facultad de modificar, en cualquier momento, y sin aviso previo, la presentaci\u00f3n y configuraci\u00f3n del Sitio Web y de los Contenidos y Servicios que en \u00e9l pudieran estar incorporados. El Usuario reconoce y acepta que en cualquier momento Hotel Lux San Miguel pueda interrumpir, desactivar y\/o cancelar cualquiera de estos elementos que se integran en el Sitio Web o el acceso a los mismos.<\/p><p>El acceso al Sitio Web por el Usuario tiene car\u00e1cter libre y, por regla general, es gratuito sin que el Usuario tenga que proporcionar una contraprestaci\u00f3n para poder disfrutar de ello, salvo en lo relativo al coste de conexi\u00f3n a trav\u00e9s de la red de telecomunicaciones suministrada por el proveedor de acceso que hubiere contratado el Usuario.<\/p><p>La utilizaci\u00f3n de alguno de los Contenidos o Servicios del Sitio Web podr\u00e1 hacerse mediante la suscripci\u00f3n o registro previo del Usuario.<\/p><p>El Usuario<\/p><p>El acceso, la navegaci\u00f3n y uso del Sitio Web, confiere la condici\u00f3n de Usuario, por lo que se aceptan, desde que se inicia la navegaci\u00f3n por el Sitio Web, todas las Condiciones aqu\u00ed establecidas, as\u00ed como sus ulteriores modificaciones, sin perjuicio de la aplicaci\u00f3n de la correspondiente normativa legal de obligado cumplimiento seg\u00fan el caso. Dada la relevancia de lo anterior, se recomienda al Usuario leerlas cada vez que visite el Sitio Web.<\/p><p>El Sitio Web de Hotel Lux San Miguel proporciona gran diversidad de informaci\u00f3n, servicios y datos. El Usuario asume su responsabilidad para realizar un uso correcto del Sitio Web. Esta responsabilidad se extender\u00e1 a:<\/p><ul><li>Un uso de la informaci\u00f3n, Contenidos y\/o Servicios y datos ofrecidos por Hotel Lux San Miguel sin que sea contrario a lo dispuesto por las presentes Condiciones, la Ley, la moral o el orden p\u00fablico, o que de cualquier otro modo puedan suponer lesi\u00f3n de los derechos de terceros o del mismo funcionamiento del Sitio Web.<\/li><li>La veracidad y licitud de las informaciones aportadas por el Usuario en los formularios extendidos por Hotel Lux San Miguel para el acceso a ciertos Contenidos o Servicios ofrecidos por el Sitio Web. En todo caso, el Usuario notificar\u00e1 de forma inmediata a Hotel Lux San Miguel acerca de cualquier hecho que permita el uso indebido de la informaci\u00f3n registrada en dichos formularios, tales como, pero no s\u00f3lo, el robo, extrav\u00edo, o el acceso no autorizado a identificadores y\/o contrase\u00f1as, con el fin de proceder a su inmediata cancelaci\u00f3n.<\/li><\/ul><p>El mero acceso a este Sitio Web no supone entablar ning\u00fan tipo de relaci\u00f3n de car\u00e1cter comercial entre Hotel Lux San Miguel y el Usuario.<\/p><p>Siempre en el respeto de la legislaci\u00f3n vigente, este Sitio Web de Hotel Lux San Miguel se dirige a todas las personas, sin importar su edad, que puedan acceder y\/o navegar por las p\u00e1ginas del Sitio Web.<\/p><h2>III. ACCESO Y NAVEGACI\u00d3N EN EL SITIO WEB: EXCLUSI\u00d3N DE GARANT\u00cdAS Y RESPONSABILIDAD<\/h2><p>Hotel Lux San Miguel no garantiza la continuidad, disponibilidad y utilidad del Sitio Web, ni de los Contenidos o Servicios. Hotel Lux San Miguel har\u00e1 todo lo posible por el buen funcionamiento del Sitio Web, sin embargo, no se responsabiliza ni garantiza que el acceso a este Sitio Web no vaya a ser ininterrumpido o que est\u00e9 libre de error.<\/p><p>Tampoco se responsabiliza o garantiza que el contenido o software al que pueda accederse a trav\u00e9s de este Sitio Web, est\u00e9 libre de error o cause un da\u00f1o al sistema inform\u00e1tico (software y hardware) del Usuario. En ning\u00fan caso Hotel Lux San Miguel ser\u00e1 responsable por las p\u00e9rdidas, da\u00f1os o perjuicios de cualquier tipo que surjan por el acceso, navegaci\u00f3n y el uso del Sitio Web, incluy\u00e9ndose, pero no limit\u00e1ndose, a los ocasionados a los sistemas inform\u00e1ticos o los provocados por la introducci\u00f3n de virus.<\/p><p>Hotel Lux San Miguel tampoco se hace responsable de los da\u00f1os que pudiesen ocasionarse a los usuarios por un uso inadecuado de este Sitio Web. En particular, no se hace responsable en modo alguno de las ca\u00eddas, interrupciones, falta o defecto de las telecomunicaciones que pudieran ocurrir.<\/p><h2>IV. POL\u00cdTICA DE ENLACES<\/h2><p>Se informa que el Sitio Web de Hotel Lux San Miguel pone o puede poner a disposici\u00f3n de los Usuarios medios de enlace (como, entre otros, links, banners, botones), directorios y motores de b\u00fasqueda que permiten a los Usuarios acceder a sitios web pertenecientes y\/o gestionados por terceros.<\/p><p>La instalaci\u00f3n de estos enlaces, directorios y motores de b\u00fasqueda en el Sitio Web tiene por objeto facilitar a los Usuarios la b\u00fasqueda de y acceso a la informaci\u00f3n disponible en Internet, sin que pueda considerarse una sugerencia, recomendaci\u00f3n o invitaci\u00f3n para la visita de los mismos.<\/p><p>Hotel Lux San Miguel no ofrece ni comercializa por s\u00ed ni por medio de terceros los productos y\/o servicios disponibles en dichos sitios enlazados.<\/p><p>Asimismo, tampoco garantizar\u00e1 la disponibilidad t\u00e9cnica, exactitud, veracidad, validez o legalidad de sitios ajenos a su propiedad a los que se pueda acceder por medio de los enlaces.<\/p><p>Hotel Lux San Miguel en ning\u00fan caso revisar\u00e1 o controlar\u00e1 el contenido de otros sitios web, as\u00ed como tampoco aprueba, examina ni hace propios los productos y servicios, contenidos, archivos y cualquier otro material existente en los referidos sitios enlazados.<\/p><p>Hotel Lux San Miguel no asume ninguna responsabilidad por los da\u00f1os y perjuicios que pudieran producirse por el acceso, uso, calidad o licitud de los contenidos, comunicaciones, opiniones, productos y servicios de los sitios web no gestionados por Hotel Lux San Miguel y que sean enlazados en este Sitio Web.<\/p><p>El Usuario o tercero que realice un hiperv\u00ednculo desde una p\u00e1gina web de otro, distinto, sitio web al Sitio Web de Hotel Lux San Miguel deber\u00e1 saber que:<\/p><p>No se permite la reproducci\u00f3n \u2014total o parcialmente\u2014 de ninguno de los Contenidos y\/o Servicios del Sitio Web sin autorizaci\u00f3n expresa de Hotel Lux San Miguel.<\/p><p>No se permite tampoco ninguna manifestaci\u00f3n falsa, inexacta o incorrecta sobre el Sitio Web de Hotel Lux San Miguel, ni sobre los Contenidos y\/o Servicios del mismo.<\/p><p>A excepci\u00f3n del hiperv\u00ednculo, el sitio web en el que se establezca dicho hiperenlace no contendr\u00e1 ning\u00fan elemento, de este Sitio Web, protegido como propiedad intelectual por el ordenamiento jur\u00eddico espa\u00f1ol, salvo autorizaci\u00f3n expresa de Hotel Lux San Miguel.<\/p><p>El establecimiento del hiperv\u00ednculo no implicar\u00e1 la existencia de relaciones entre Hotel Lux San Miguel y el titular del sitio web desde el cual se realice, ni el conocimiento y aceptaci\u00f3n de Hotel Lux San Miguel de los contenidos, servicios y\/o actividades ofrecidos en dicho sitio web, y viceversa.<\/p><h2>V. PROPIEDAD INTELECTUAL E INDUSTRIAL<\/h2><p>Hotel Lux San Miguel por s\u00ed o como parte cesionaria, es titular de todos los derechos de propiedad intelectual e industrial del Sitio Web, as\u00ed como de los elementos contenidos en el mismo (a t\u00edtulo enunciativo y no exhaustivo, im\u00e1genes, sonido, audio, v\u00eddeo, software o textos, marcas o logotipos, combinaciones de colores, estructura y dise\u00f1o, selecci\u00f3n de materiales usados, programas de ordenador necesarios para su funcionamiento, acceso y uso, etc.). Ser\u00e1n, por consiguiente, obras protegidas como propiedad intelectual por el ordenamiento jur\u00eddico espa\u00f1ol, si\u00e9ndoles aplicables tanto la normativa espa\u00f1ola y comunitaria en este campo, como los tratados internacionales relativos a la materia y suscritos por Espa\u00f1a.<\/p><p>Todos los derechos reservados. En virtud de lo dispuesto en la Ley de Propiedad Intelectual, quedan expresamente prohibidas la reproducci\u00f3n, la distribuci\u00f3n y la comunicaci\u00f3n p\u00fablica, incluida su modalidad de puesta a disposici\u00f3n, de la totalidad o parte de los contenidos de esta p\u00e1gina web, con fines comerciales, en cualquier soporte y por cualquier medio t\u00e9cnico, sin la autorizaci\u00f3n de Hotel Lux San Miguel.<\/p><p>El Usuario se compromete a respetar los derechos de propiedad intelectual e industrial de Hotel Lux San Miguel. Podr\u00e1 visualizar los elementos del Sitio Web o incluso imprimirlos, copiarlos y almacenarlos en el disco duro de su ordenador o en cualquier otro soporte f\u00edsico siempre y cuando sea, exclusivamente, para su uso personal. El Usuario, sin embargo, no podr\u00e1 suprimir, alterar, o manipular cualquier dispositivo de protecci\u00f3n o sistema de seguridad que estuviera instalado en el Sitio Web.<\/p><p>En caso de que el Usuario o tercero considere que cualquiera de los Contenidos del Sitio Web suponga una violaci\u00f3n de los derechos de protecci\u00f3n de la propiedad intelectual, deber\u00e1 comunicarlo inmediatamente a Hotel Lux San Miguel a trav\u00e9s de los datos de contacto del apartado de INFORMACI\u00d3N GENERAL de este Aviso Legal y Condiciones Generales de Uso.<\/p><h2>VI. ACCIONES LEGALES, LEGISLACI\u00d3N APLICABLE Y JURISDICCI\u00d3N<\/h2><p>Hotel Lux San Miguel se reserva la facultad de presentar las acciones civiles o penales que considere necesarias por la utilizaci\u00f3n indebida del Sitio Web y Contenidos, o por el incumplimiento de las presentes Condiciones.<\/p><p>La relaci\u00f3n entre el Usuario y Hotel Lux San Miguel se regir\u00e1 por la normativa vigente y de aplicaci\u00f3n en el territorio espa\u00f1ol. De surgir cualquier controversia en relaci\u00f3n con la interpretaci\u00f3n y\/o a la aplicaci\u00f3n de estas Condiciones las partes someter\u00e1n sus conflictos a la jurisdicci\u00f3n ordinaria someti\u00e9ndose a los jueces y tribunales que correspondan conforme a derecho.<\/p><p>Este documento de Aviso Legal y Condiciones Generales de uso del sitio web ha sido creado mediante el generador de plantilla de aviso legal y condiciones de uso online el d\u00eda 10\/10\/2022.<\/p>\t\t\t\t\t\t\t\t<\/div>\n\t\t\t\t<\/div>\n\t\t\t\t\t<\/div>\n\t\t<\/div>\n\t\t\t\t\t<\/div>\n\t\t<\/section>\n\t\t\t\t<\/div>\n\t\t","protected":false},"excerpt":{"rendered":"<p>AVISO LEGAL Y CONDICIONES GENERALES DE USO https:\/almuniadesanmiguel.com\/ I. INFORMACI\u00d3N GENERAL En cumplimiento con el deber de informaci\u00f3n dispuesto en la Ley 34\/2002 de Servicios de la Sociedad de la Informaci\u00f3n y el Comercio Electr\u00f3nico (LSSI-CE) de 11 de julio, se facilitan a continuaci\u00f3n los siguientes datos de informaci\u00f3n general de este sitio web: La [&hellip;]<\/p>\n","protected":false},"author":1,"featured_media":0,"parent":0,"menu_order":0,"comment_status":"closed","ping_status":"closed","template":"elementor_header_footer","meta":{"footnotes":""},"class_list":["post-227","page","type-page","status-publish","hentry"],"yoast_head":"<!-- This site is optimized with the Yoast SEO plugin v27.3 - https:\/\/yoast.com\/product\/yoast-seo-wordpress\/ -->\n<title>Avis l\u00e9gal - Lux San Miguel \u00e0 Tol\u00e8de<\/title>\n<meta name=\"robots\" content=\"noindex, nofollow\" \/>\n<meta property=\"og:locale\" content=\"es_ES\" \/>\n<meta property=\"og:type\" content=\"article\" \/>\n<meta property=\"og:title\" content=\"Avis l\u00e9gal - Lux San Miguel \u00e0 Tol\u00e8de\" \/>\n<meta property=\"og:description\" content=\"AVISO LEGAL Y CONDICIONES GENERALES DE USO https:\/almuniadesanmiguel.com\/ I. INFORMACI\u00d3N GENERAL En cumplimiento con el deber de informaci\u00f3n dispuesto en la Ley 34\/2002 de Servicios de la Sociedad de la Informaci\u00f3n y el Comercio Electr\u00f3nico (LSSI-CE) de 11 de julio, se facilitan a continuaci\u00f3n los siguientes datos de informaci\u00f3n general de este sitio web: La [&hellip;]\" \/>\n<meta property=\"og:url\" content=\"https:\/\/luxsanmiguel.com\/fr\/avis-legal\/\" \/>\n<meta property=\"og:site_name\" content=\"Lux San Miguel \u00e0 Tol\u00e8de\" \/>\n<meta property=\"article:modified_time\" content=\"2026-02-10T08:30:25+00:00\" \/>\n<meta property=\"og:image\" content=\"https:\/\/luxsanmiguel.com\/fr\/wp-content\/uploads\/sites\/3\/logo-luxsanmiguel.webp\" \/>\n\t<meta property=\"og:image:width\" content=\"400\" \/>\n\t<meta property=\"og:image:height\" content=\"400\" \/>\n\t<meta property=\"og:image:type\" content=\"image\/webp\" \/>\n<meta name=\"twitter:card\" content=\"summary_large_image\" \/>\n<meta name=\"twitter:label1\" content=\"Tiempo de lectura\" \/>\n\t<meta name=\"twitter:data1\" content=\"9 minutos\" \/>\n<script type=\"application\/ld+json\" class=\"yoast-schema-graph\">{\"@context\":\"https:\\\/\\\/schema.org\",\"@graph\":[{\"@type\":\"WebPage\",\"@id\":\"https:\\\/\\\/luxsanmiguel.com\\\/fr\\\/avis-legal\\\/\",\"url\":\"https:\\\/\\\/luxsanmiguel.com\\\/fr\\\/avis-legal\\\/\",\"name\":\"Avis l\u00e9gal - Lux San Miguel \u00e0 Tol\u00e8de\",\"isPartOf\":{\"@id\":\"https:\\\/\\\/luxsanmiguel.com\\\/fr\\\/#website\"},\"datePublished\":\"2020-09-03T14:54:52+00:00\",\"dateModified\":\"2026-02-10T08:30:25+00:00\",\"breadcrumb\":{\"@id\":\"https:\\\/\\\/luxsanmiguel.com\\\/fr\\\/avis-legal\\\/#breadcrumb\"},\"inLanguage\":\"es\",\"potentialAction\":[{\"@type\":\"ReadAction\",\"target\":[\"https:\\\/\\\/luxsanmiguel.com\\\/fr\\\/avis-legal\\\/\"]}]},{\"@type\":\"BreadcrumbList\",\"@id\":\"https:\\\/\\\/luxsanmiguel.com\\\/fr\\\/avis-legal\\\/#breadcrumb\",\"itemListElement\":[{\"@type\":\"ListItem\",\"position\":1,\"name\":\"Portada\",\"item\":\"https:\\\/\\\/luxsanmiguel.com\\\/fr\\\/\"},{\"@type\":\"ListItem\",\"position\":2,\"name\":\"Avis l\u00e9gal\"}]},{\"@type\":\"WebSite\",\"@id\":\"https:\\\/\\\/luxsanmiguel.com\\\/fr\\\/#website\",\"url\":\"https:\\\/\\\/luxsanmiguel.com\\\/fr\\\/\",\"name\":\"H\u00f4tel de charme \u00e0 Tol\u00e8de\",\"description\":\"Lux San Miguel\",\"publisher\":{\"@id\":\"https:\\\/\\\/luxsanmiguel.com\\\/fr\\\/#organization\"},\"alternateName\":\"Lux San Miguel\",\"potentialAction\":[{\"@type\":\"SearchAction\",\"target\":{\"@type\":\"EntryPoint\",\"urlTemplate\":\"https:\\\/\\\/luxsanmiguel.com\\\/fr\\\/?s={search_term_string}\"},\"query-input\":{\"@type\":\"PropertyValueSpecification\",\"valueRequired\":true,\"valueName\":\"search_term_string\"}}],\"inLanguage\":\"es\"},{\"@type\":\"Organization\",\"@id\":\"https:\\\/\\\/luxsanmiguel.com\\\/fr\\\/#organization\",\"name\":\"H\u00f4tel de charme \u00e0 Tol\u00e8de\",\"url\":\"https:\\\/\\\/luxsanmiguel.com\\\/fr\\\/\",\"logo\":{\"@type\":\"ImageObject\",\"inLanguage\":\"es\",\"@id\":\"https:\\\/\\\/luxsanmiguel.com\\\/fr\\\/#\\\/schema\\\/logo\\\/image\\\/\",\"url\":\"https:\\\/\\\/luxsanmiguel.com\\\/fr\\\/wp-content\\\/uploads\\\/sites\\\/3\\\/logo-luxsanmiguel-1.webp\",\"contentUrl\":\"https:\\\/\\\/luxsanmiguel.com\\\/fr\\\/wp-content\\\/uploads\\\/sites\\\/3\\\/logo-luxsanmiguel-1.webp\",\"width\":400,\"height\":400,\"caption\":\"H\u00f4tel de charme \u00e0 Tol\u00e8de\"},\"image\":{\"@id\":\"https:\\\/\\\/luxsanmiguel.com\\\/fr\\\/#\\\/schema\\\/logo\\\/image\\\/\"}}]}<\/script>\n<!-- \/ Yoast SEO plugin. -->","yoast_head_json":{"title":"Avis l\u00e9gal - Lux San Miguel \u00e0 Tol\u00e8de","robots":{"index":"noindex","follow":"nofollow"},"og_locale":"es_ES","og_type":"article","og_title":"Avis l\u00e9gal - Lux San Miguel \u00e0 Tol\u00e8de","og_description":"AVISO LEGAL Y CONDICIONES GENERALES DE USO https:\/almuniadesanmiguel.com\/ I. INFORMACI\u00d3N GENERAL En cumplimiento con el deber de informaci\u00f3n dispuesto en la Ley 34\/2002 de Servicios de la Sociedad de la Informaci\u00f3n y el Comercio Electr\u00f3nico (LSSI-CE) de 11 de julio, se facilitan a continuaci\u00f3n los siguientes datos de informaci\u00f3n general de este sitio web: La [&hellip;]","og_url":"https:\/\/luxsanmiguel.com\/fr\/avis-legal\/","og_site_name":"Lux San Miguel \u00e0 Tol\u00e8de","article_modified_time":"2026-02-10T08:30:25+00:00","og_image":[{"width":400,"height":400,"url":"https:\/\/luxsanmiguel.com\/fr\/wp-content\/uploads\/sites\/3\/logo-luxsanmiguel.webp","type":"image\/webp"}],"twitter_card":"summary_large_image","twitter_misc":{"Tiempo de lectura":"9 minutos"},"schema":{"@context":"https:\/\/schema.org","@graph":[{"@type":"WebPage","@id":"https:\/\/luxsanmiguel.com\/fr\/avis-legal\/","url":"https:\/\/luxsanmiguel.com\/fr\/avis-legal\/","name":"Avis l\u00e9gal - Lux San Miguel \u00e0 Tol\u00e8de","isPartOf":{"@id":"https:\/\/luxsanmiguel.com\/fr\/#website"},"datePublished":"2020-09-03T14:54:52+00:00","dateModified":"2026-02-10T08:30:25+00:00","breadcrumb":{"@id":"https:\/\/luxsanmiguel.com\/fr\/avis-legal\/#breadcrumb"},"inLanguage":"es","potentialAction":[{"@type":"ReadAction","target":["https:\/\/luxsanmiguel.com\/fr\/avis-legal\/"]}]},{"@type":"BreadcrumbList","@id":"https:\/\/luxsanmiguel.com\/fr\/avis-legal\/#breadcrumb","itemListElement":[{"@type":"ListItem","position":1,"name":"Portada","item":"https:\/\/luxsanmiguel.com\/fr\/"},{"@type":"ListItem","position":2,"name":"Avis l\u00e9gal"}]},{"@type":"WebSite","@id":"https:\/\/luxsanmiguel.com\/fr\/#website","url":"https:\/\/luxsanmiguel.com\/fr\/","name":"H\u00f4tel de charme \u00e0 Tol\u00e8de","description":"Lux San Miguel","publisher":{"@id":"https:\/\/luxsanmiguel.com\/fr\/#organization"},"alternateName":"Lux San Miguel","potentialAction":[{"@type":"SearchAction","target":{"@type":"EntryPoint","urlTemplate":"https:\/\/luxsanmiguel.com\/fr\/?s={search_term_string}"},"query-input":{"@type":"PropertyValueSpecification","valueRequired":true,"valueName":"search_term_string"}}],"inLanguage":"es"},{"@type":"Organization","@id":"https:\/\/luxsanmiguel.com\/fr\/#organization","name":"H\u00f4tel de charme \u00e0 Tol\u00e8de","url":"https:\/\/luxsanmiguel.com\/fr\/","logo":{"@type":"ImageObject","inLanguage":"es","@id":"https:\/\/luxsanmiguel.com\/fr\/#\/schema\/logo\/image\/","url":"https:\/\/luxsanmiguel.com\/fr\/wp-content\/uploads\/sites\/3\/logo-luxsanmiguel-1.webp","contentUrl":"https:\/\/luxsanmiguel.com\/fr\/wp-content\/uploads\/sites\/3\/logo-luxsanmiguel-1.webp","width":400,"height":400,"caption":"H\u00f4tel de charme \u00e0 Tol\u00e8de"},"image":{"@id":"https:\/\/luxsanmiguel.com\/fr\/#\/schema\/logo\/image\/"}}]}},"_links":{"self":[{"href":"https:\/\/luxsanmiguel.com\/fr\/wp-json\/wp\/v2\/pages\/227","targetHints":{"allow":["GET"]}}],"collection":[{"href":"https:\/\/luxsanmiguel.com\/fr\/wp-json\/wp\/v2\/pages"}],"about":[{"href":"https:\/\/luxsanmiguel.com\/fr\/wp-json\/wp\/v2\/types\/page"}],"author":[{"embeddable":true,"href":"https:\/\/luxsanmiguel.com\/fr\/wp-json\/wp\/v2\/users\/1"}],"replies":[{"embeddable":true,"href":"https:\/\/luxsanmiguel.com\/fr\/wp-json\/wp\/v2\/comments?post=227"}],"version-history":[{"count":4,"href":"https:\/\/luxsanmiguel.com\/fr\/wp-json\/wp\/v2\/pages\/227\/revisions"}],"predecessor-version":[{"id":4013,"href":"https:\/\/luxsanmiguel.com\/fr\/wp-json\/wp\/v2\/pages\/227\/revisions\/4013"}],"wp:attachment":[{"href":"https:\/\/luxsanmiguel.com\/fr\/wp-json\/wp\/v2\/media?parent=227"}],"curies":[{"name":"wp","href":"https:\/\/api.w.org\/{rel}","templated":true}]}}